{"id":792,"date":"2024-09-23T09:25:14","date_gmt":"2024-09-23T07:25:14","guid":{"rendered":"http:\/\/kcp.rubikon-web26.at\/datenschutz\/"},"modified":"2026-01-23T09:03:31","modified_gmt":"2026-01-23T08:03:31","slug":"privacy-policy","status":"publish","type":"page","link":"https:\/\/kaancronenberg.at\/en\/privacy-policy\/","title":{"rendered":"Datenschutz"},"content":{"rendered":"    <div id=\"standard-text-block_bc30c85d8dcb2562295cd9bfffa608a3\" class=\"content-row module-standard-text pnone-0\">\n        <div class=\"container-lg\">\n                            <h2 class=\"mb-5 graphical\">Privacy Policy<\/h2>\n                    <\/div>\n        <div class=\"container\">\n                                        <div class=\"text editor mt-4\"><p>In this privacy policy, we inform you about the processing of your personal data.<\/p>\n<h2 class=\"wp-block-heading\">Responsible<\/h2>\n<p>Kaan Cronenberg Rechtsanw\u00e4lte GmbH, Kalchberggasse 1, 8010 Graz, Austria, office@kaancronenberg.at, +43 316 \/ 83 05 50<\/p>\n<p>&nbsp;<\/p>\n<h2 class=\"wp-block-heading\">Hosting Provider<\/h2>\n<h3 class=\"wp-block-heading\">All-inkl.com<\/h3>\n<p>We host our website with our processor <a href=\"https:\/\/all-inkl.com\/\" target=\"_blank\" rel=\"noreferrer noopener\">All-inkl.com<\/a>, ALL-INKL.COM \u2013 Neue Medien M\u00fcnnich, Ren\u00e9 M\u00fcnnich, Hauptstra\u00dfe 68, 02742 Friedersdorf, Germany.<br \/>\nConnection data is processed for the purpose of providing and delivering the website. For the sole purpose of delivering and providing the website, the data is not stored beyond the call.<br \/>\nThe legal basis for data processing is legitimate interest (unconditional technical necessity for the provision and delivery of the service \u2018website\u2019 expressly requested by you through your access) in accordance with Art. 6 (1) lit. f GDPR.<br \/>\nFor the operation of the website, the connection data and other personal data are also processed within the scope of various other functions or services. Detailed information on this is provided in this privacy policy for the individual functions or services.<br \/>\nHosting is managed by Christian H\u00f6rzer e.U., Am Schillerpark 3, 8120 Peggau.<\/p>\n<p>&nbsp;<\/p>\n<h2 class=\"wp-block-heading\">Analysis services<\/h2>\n<h3 class=\"wp-block-heading\">Matomo<\/h3>\n<p>For the purpose of searching for and analysing errors, evaluating usage and deriving measures for the future development of our website, we process your data using the local analysis software <a href=\"https:\/\/matomo.org\/\" target=\"_blank\" rel=\"noreferrer noopener\">Matomo<\/a>, InnoCraft Ltd., 150 Willis St, 6011 Wellington, New Zealand.<\/p>\n<p>As this service is a local analysis tool, no personal data is forwarded to the service provider or to third parties. In addition, your personal data is anonymised immediately after collection. Personal data is therefore not stored beyond the first processing step.<br \/>\nThe legal basis for data processing is legitimate interest (unconditional technical necessity for the provision and delivery of the service \u2018website\u2019 expressly requested by you through your visit) in accordance with Art. 6 (1) lit. f GDPR.<\/p>\n<p><strong>Cookie-free analysis<\/strong><\/p>\n<p>We have configured Matomo so that Matomo does not store any cookies in your browser.<\/p>\n<p>&nbsp;<\/p>\n<h2 class=\"wp-block-heading\">Right to object<\/h2>\n<p>If the processing of your personal data is based on legitimate interests, you have the right to object to this processing.<br \/>\nUnless there are compelling legitimate grounds for the processing on our part, the processing of your data on this legal basis will be discontinued.<br \/>\nYou also have the right to object to the processing of your personal data for direct marketing purposes. In the event of an objection, your personal data will no longer be processed for direct marketing purposes.<br \/>\nThe lawfulness of the data processed up to the point of objection is not affected by the objection.<\/p>\n<p>&nbsp;<\/p>\n<h2>Data processing<\/h2>\n<p>If you contact us by telephone, email or via the contact form, we will process all personal data provided to us (name, email address, telephone number or information provided in the content) confidentially and only on the basis of Article 6(1)(b) GDPR. The processing of the personal data you provide is used exclusively to pursue your legal interests in the best possible way. Any forwarding of your data to third parties (legal protection insurers, service providers we use) is also carried out exclusively on the basis of the GDPR, in compliance with the confidentiality obligations applicable under the applicable professional code of conduct.<\/p>\n<p>&nbsp;<\/p>\n<h2 class=\"wp-block-heading\">Right of revocation<\/h2>\n<p>You have the right to revoke your consent at any time.<br \/>\nIf you have consented to receiving electronic advertising, you can revoke your consent by clicking on the unsubscribe link. In this case, processing will be discontinued unless there is another legal basis for it.<br \/>\nThe lawfulness of the data processed until revocation is not affected by the revocation.<\/p>\n<p>&nbsp;<\/p>\n<h2 class=\"wp-block-heading\">Rights of data subjects<\/h2>\n<p>You also have the right to information, correction, deletion and restriction of the processing of personal data.<br \/>\nIf the legal basis for the processing of your personal data is your consent or a contract concluded with you, you also have the right to data portability.<br \/>\nFurthermore, you have the right to lodge a complaint with the supervisory authority. More information on the supervisory authorities in the European Union can be found <a href=\"https:\/\/ec.europa.eu\/justice\/article-29\/structure\/data-protection-authorities\/index_en.htm\" target=\"_blank\" rel=\"noreferrer noopener\">here<\/a>.<\/p>\n<p>&nbsp;<\/p>\n<h2>Newsletter<\/h2>\n<p>You can subscribe to a newsletter on the Kaan Cronenberg Rechtsanw\u00e4lte GmbH website. For the purpose of registration, Kaan Cronenberg Rechtsanw\u00e4lte GmbH processes the personal data you voluntarily provide (title, name, address, company, email address) for the purpose of sending you the newsletter (news, blogs, invitations to our events, publications, and other information about current legal developments). By subscribing to the newsletter, you consent to the processing of your personal data that you have voluntarily provided. You can revoke this consent at any time.<\/p>\n<\/div>\n                                            <\/div>\n    <\/div>\n","protected":false},"excerpt":{"rendered":"","protected":false},"author":1,"featured_media":0,"parent":0,"menu_order":110,"comment_status":"closed","ping_status":"closed","template":"","meta":{"_acf_changed":false,"inline_featured_image":false,"footnotes":""},"class_list":["post-792","page","type-page","status-publish","hentry"],"acf":[],"yoast_head":"<!-- This site is optimized with the Yoast SEO plugin v27.6 - https:\/\/yoast.com\/product\/yoast-seo-wordpress\/ -->\n<title>Datenschutz - Kaan Cronenberg<\/title>\n<meta name=\"robots\" content=\"index, follow, max-snippet:-1, max-image-preview:large, max-video-preview:-1\" \/>\n<link rel=\"canonical\" href=\"https:\/\/kaancronenberg.at\/en\/privacy-policy\/\" \/>\n<meta property=\"og:locale\" content=\"en_US\" \/>\n<meta property=\"og:type\" content=\"article\" \/>\n<meta property=\"og:title\" content=\"Datenschutz - Kaan Cronenberg\" \/>\n<meta property=\"og:url\" content=\"https:\/\/kaancronenberg.at\/en\/privacy-policy\/\" \/>\n<meta property=\"og:site_name\" content=\"Kaan Cronenberg\" \/>\n<meta property=\"article:modified_time\" content=\"2026-01-23T08:03:31+00:00\" \/>\n<meta property=\"og:image\" content=\"https:\/\/kaancronenberg.at\/wp-content\/uploads\/2025\/11\/Signet-Kaan-Cronenberg-RGB.png\" \/>\n\t<meta property=\"og:image:width\" content=\"800\" \/>\n\t<meta property=\"og:image:height\" content=\"800\" \/>\n\t<meta property=\"og:image:type\" content=\"image\/png\" \/>\n<meta name=\"twitter:card\" content=\"summary_large_image\" \/>\n<meta name=\"twitter:label1\" content=\"Est. reading time\" \/>\n\t<meta name=\"twitter:data1\" content=\"5 minutes\" \/>\n<script type=\"application\/ld+json\" class=\"yoast-schema-graph\">{\"@context\":\"https:\\\/\\\/schema.org\",\"@graph\":[{\"@type\":\"WebPage\",\"@id\":\"https:\\\/\\\/kaancronenberg.at\\\/en\\\/privacy-policy\\\/\",\"url\":\"https:\\\/\\\/kaancronenberg.at\\\/en\\\/privacy-policy\\\/\",\"name\":\"Datenschutz - Kaan Cronenberg\",\"isPartOf\":{\"@id\":\"https:\\\/\\\/kaancronenberg.at\\\/#website\"},\"datePublished\":\"2024-09-23T07:25:14+00:00\",\"dateModified\":\"2026-01-23T08:03:31+00:00\",\"breadcrumb\":{\"@id\":\"https:\\\/\\\/kaancronenberg.at\\\/en\\\/privacy-policy\\\/#breadcrumb\"},\"inLanguage\":\"en-US\",\"potentialAction\":[{\"@type\":\"ReadAction\",\"target\":[\"https:\\\/\\\/kaancronenberg.at\\\/en\\\/privacy-policy\\\/\"]}]},{\"@type\":\"BreadcrumbList\",\"@id\":\"https:\\\/\\\/kaancronenberg.at\\\/en\\\/privacy-policy\\\/#breadcrumb\",\"itemListElement\":[{\"@type\":\"ListItem\",\"position\":1,\"name\":\"Startseite\",\"item\":\"https:\\\/\\\/kaancronenberg.at\\\/en\\\/\"},{\"@type\":\"ListItem\",\"position\":2,\"name\":\"Datenschutz\"}]},{\"@type\":\"WebSite\",\"@id\":\"https:\\\/\\\/kaancronenberg.at\\\/#website\",\"url\":\"https:\\\/\\\/kaancronenberg.at\\\/\",\"name\":\"Kaan Cronenberg Rechtsanw\u00e4lte GmbH\",\"description\":\"\",\"publisher\":{\"@id\":\"https:\\\/\\\/kaancronenberg.at\\\/#organization\"},\"alternateName\":\"Kaan Cronenberg\",\"potentialAction\":[{\"@type\":\"SearchAction\",\"target\":{\"@type\":\"EntryPoint\",\"urlTemplate\":\"https:\\\/\\\/kaancronenberg.at\\\/?s={search_term_string}\"},\"query-input\":{\"@type\":\"PropertyValueSpecification\",\"valueRequired\":true,\"valueName\":\"search_term_string\"}}],\"inLanguage\":\"en-US\"},{\"@type\":\"Organization\",\"@id\":\"https:\\\/\\\/kaancronenberg.at\\\/#organization\",\"name\":\"Kaan Cronenberg Rechtsanw\u00e4lte GmbH\",\"alternateName\":\"Kaan Cronenberg\",\"url\":\"https:\\\/\\\/kaancronenberg.at\\\/\",\"logo\":{\"@type\":\"ImageObject\",\"inLanguage\":\"en-US\",\"@id\":\"https:\\\/\\\/kaancronenberg.at\\\/#\\\/schema\\\/logo\\\/image\\\/\",\"url\":\"https:\\\/\\\/kaancronenberg.at\\\/wp-content\\\/uploads\\\/2025\\\/11\\\/Signet-Kaan-Cronenberg-RGB.png\",\"contentUrl\":\"https:\\\/\\\/kaancronenberg.at\\\/wp-content\\\/uploads\\\/2025\\\/11\\\/Signet-Kaan-Cronenberg-RGB.png\",\"width\":800,\"height\":800,\"caption\":\"Kaan Cronenberg Rechtsanw\u00e4lte GmbH\"},\"image\":{\"@id\":\"https:\\\/\\\/kaancronenberg.at\\\/#\\\/schema\\\/logo\\\/image\\\/\"},\"sameAs\":[\"https:\\\/\\\/at.linkedin.com\\\/company\\\/kaan-cronenberg\"]}]}<\/script>\n<!-- \/ Yoast SEO plugin. -->","yoast_head_json":{"title":"Datenschutz - Kaan Cronenberg","robots":{"index":"index","follow":"follow","max-snippet":"max-snippet:-1","max-image-preview":"max-image-preview:large","max-video-preview":"max-video-preview:-1"},"canonical":"https:\/\/kaancronenberg.at\/en\/privacy-policy\/","og_locale":"en_US","og_type":"article","og_title":"Datenschutz - Kaan Cronenberg","og_url":"https:\/\/kaancronenberg.at\/en\/privacy-policy\/","og_site_name":"Kaan Cronenberg","article_modified_time":"2026-01-23T08:03:31+00:00","og_image":[{"width":800,"height":800,"url":"https:\/\/kaancronenberg.at\/wp-content\/uploads\/2025\/11\/Signet-Kaan-Cronenberg-RGB.png","type":"image\/png"}],"twitter_card":"summary_large_image","twitter_misc":{"Est. reading time":"5 minutes"},"schema":{"@context":"https:\/\/schema.org","@graph":[{"@type":"WebPage","@id":"https:\/\/kaancronenberg.at\/en\/privacy-policy\/","url":"https:\/\/kaancronenberg.at\/en\/privacy-policy\/","name":"Datenschutz - Kaan Cronenberg","isPartOf":{"@id":"https:\/\/kaancronenberg.at\/#website"},"datePublished":"2024-09-23T07:25:14+00:00","dateModified":"2026-01-23T08:03:31+00:00","breadcrumb":{"@id":"https:\/\/kaancronenberg.at\/en\/privacy-policy\/#breadcrumb"},"inLanguage":"en-US","potentialAction":[{"@type":"ReadAction","target":["https:\/\/kaancronenberg.at\/en\/privacy-policy\/"]}]},{"@type":"BreadcrumbList","@id":"https:\/\/kaancronenberg.at\/en\/privacy-policy\/#breadcrumb","itemListElement":[{"@type":"ListItem","position":1,"name":"Startseite","item":"https:\/\/kaancronenberg.at\/en\/"},{"@type":"ListItem","position":2,"name":"Datenschutz"}]},{"@type":"WebSite","@id":"https:\/\/kaancronenberg.at\/#website","url":"https:\/\/kaancronenberg.at\/","name":"Kaan Cronenberg Rechtsanw\u00e4lte GmbH","description":"","publisher":{"@id":"https:\/\/kaancronenberg.at\/#organization"},"alternateName":"Kaan Cronenberg","potentialAction":[{"@type":"SearchAction","target":{"@type":"EntryPoint","urlTemplate":"https:\/\/kaancronenberg.at\/?s={search_term_string}"},"query-input":{"@type":"PropertyValueSpecification","valueRequired":true,"valueName":"search_term_string"}}],"inLanguage":"en-US"},{"@type":"Organization","@id":"https:\/\/kaancronenberg.at\/#organization","name":"Kaan Cronenberg Rechtsanw\u00e4lte GmbH","alternateName":"Kaan Cronenberg","url":"https:\/\/kaancronenberg.at\/","logo":{"@type":"ImageObject","inLanguage":"en-US","@id":"https:\/\/kaancronenberg.at\/#\/schema\/logo\/image\/","url":"https:\/\/kaancronenberg.at\/wp-content\/uploads\/2025\/11\/Signet-Kaan-Cronenberg-RGB.png","contentUrl":"https:\/\/kaancronenberg.at\/wp-content\/uploads\/2025\/11\/Signet-Kaan-Cronenberg-RGB.png","width":800,"height":800,"caption":"Kaan Cronenberg Rechtsanw\u00e4lte GmbH"},"image":{"@id":"https:\/\/kaancronenberg.at\/#\/schema\/logo\/image\/"},"sameAs":["https:\/\/at.linkedin.com\/company\/kaan-cronenberg"]}]}},"_links":{"self":[{"href":"https:\/\/kaancronenberg.at\/en\/wp-json\/wp\/v2\/pages\/792","targetHints":{"allow":["GET"]}}],"collection":[{"href":"https:\/\/kaancronenberg.at\/en\/wp-json\/wp\/v2\/pages"}],"about":[{"href":"https:\/\/kaancronenberg.at\/en\/wp-json\/wp\/v2\/types\/page"}],"author":[{"embeddable":true,"href":"https:\/\/kaancronenberg.at\/en\/wp-json\/wp\/v2\/users\/1"}],"replies":[{"embeddable":true,"href":"https:\/\/kaancronenberg.at\/en\/wp-json\/wp\/v2\/comments?post=792"}],"version-history":[{"count":3,"href":"https:\/\/kaancronenberg.at\/en\/wp-json\/wp\/v2\/pages\/792\/revisions"}],"predecessor-version":[{"id":3024,"href":"https:\/\/kaancronenberg.at\/en\/wp-json\/wp\/v2\/pages\/792\/revisions\/3024"}],"wp:attachment":[{"href":"https:\/\/kaancronenberg.at\/en\/wp-json\/wp\/v2\/media?parent=792"}],"curies":[{"name":"wp","href":"https:\/\/api.w.org\/{rel}","templated":true}]}}